{"id":119,"date":"2025-08-26T13:43:01","date_gmt":"2025-08-26T11:43:01","guid":{"rendered":"https:\/\/www.gssoft.eu\/?page_id=119"},"modified":"2025-12-08T09:59:58","modified_gmt":"2025-12-08T08:59:58","slug":"bim-webinar","status":"publish","type":"page","link":"https:\/\/www.gssoft.eu\/sk\/bim-webinar\/","title":{"rendered":"Webin\u00e1r\u00a0ARCHLine.XP\u00a0(GstarBIM)"},"content":{"rendered":"\n<p>Rie\u0161enie pre 2D-DWG aj 3D-BIM bez zbyto\u010dnej zlo\u017eitosti a vysok\u00fdch n\u00e1kladov.<\/p>\n","protected":false},"excerpt":{"rendered":"<p>Rie\u0161enie pre 2D-DWG aj 3D-BIM bez zbyto\u010dnej zlo\u017eitosti a vysok\u00fdch n\u00e1kladov.<\/p>\n","protected":false},"author":1,"featured_media":0,"parent":0,"menu_order":0,"comment_status":"closed","ping_status":"closed","template":"","meta":{"footnotes":""},"class_list":["post-119","page","type-page","status-publish","hentry"],"yoast_head":"<!-- This site is optimized with the Yoast SEO plugin v27.0 - https:\/\/yoast.com\/product\/yoast-seo-wordpress\/ -->\n<title>Webin\u00e1r\u00a0ARCHLine.XP\u00a0(GstarBIM) - GS SOFT Group<\/title>\n<meta name=\"robots\" content=\"index, follow, max-snippet:-1, max-image-preview:large, max-video-preview:-1\" \/>\n<link rel=\"canonical\" href=\"https:\/\/www.gssoft.eu\/sk\/bim-webinar\/\" \/>\n<meta property=\"og:locale\" content=\"sk_SK\" \/>\n<meta property=\"og:type\" content=\"article\" \/>\n<meta property=\"og:title\" content=\"Webin\u00e1r\u00a0ARCHLine.XP\u00a0(GstarBIM) - GS SOFT Group\" \/>\n<meta property=\"og:description\" content=\"Rie\u0161enie pre 2D-DWG aj 3D-BIM bez zbyto\u010dnej zlo\u017eitosti a vysok\u00fdch n\u00e1kladov.\" \/>\n<meta property=\"og:url\" content=\"https:\/\/www.gssoft.eu\/sk\/bim-webinar\/\" \/>\n<meta property=\"og:site_name\" content=\"GS SOFT Group\" \/>\n<meta property=\"article:modified_time\" content=\"2025-12-08T08:59:58+00:00\" \/>\n<meta name=\"twitter:card\" content=\"summary_large_image\" \/>\n<script type=\"application\/ld+json\" class=\"yoast-schema-graph\">{\"@context\":\"https:\/\/schema.org\",\"@graph\":[{\"@type\":\"WebPage\",\"@id\":\"https:\/\/www.gssoft.eu\/sk\/bim-webinar\/\",\"url\":\"https:\/\/www.gssoft.eu\/sk\/bim-webinar\/\",\"name\":\"Webin\u00e1r\u00a0ARCHLine.XP\u00a0(GstarBIM) - GS SOFT Group\",\"isPartOf\":{\"@id\":\"https:\/\/www.gssoft.eu\/sk\/#website\"},\"datePublished\":\"2025-08-26T11:43:01+00:00\",\"dateModified\":\"2025-12-08T08:59:58+00:00\",\"breadcrumb\":{\"@id\":\"https:\/\/www.gssoft.eu\/sk\/bim-webinar\/#breadcrumb\"},\"inLanguage\":\"sk-SK\",\"potentialAction\":[{\"@type\":\"ReadAction\",\"target\":[\"https:\/\/www.gssoft.eu\/sk\/bim-webinar\/\"]}]},{\"@type\":\"BreadcrumbList\",\"@id\":\"https:\/\/www.gssoft.eu\/sk\/bim-webinar\/#breadcrumb\",\"itemListElement\":[{\"@type\":\"ListItem\",\"position\":1,\"name\":\"Home\",\"item\":\"https:\/\/www.gssoft.eu\/sk\/\"},{\"@type\":\"ListItem\",\"position\":2,\"name\":\"Webin\u00e1r\u00a0ARCHLine.XP\u00a0(GstarBIM)\"}]},{\"@type\":\"WebSite\",\"@id\":\"https:\/\/www.gssoft.eu\/sk\/#website\",\"url\":\"https:\/\/www.gssoft.eu\/sk\/\",\"name\":\"GS SOFT Group\",\"description\":\"\",\"potentialAction\":[{\"@type\":\"SearchAction\",\"target\":{\"@type\":\"EntryPoint\",\"urlTemplate\":\"https:\/\/www.gssoft.eu\/sk\/?s={search_term_string}\"},\"query-input\":{\"@type\":\"PropertyValueSpecification\",\"valueRequired\":true,\"valueName\":\"search_term_string\"}}],\"inLanguage\":\"sk-SK\"}]}<\/script>\n<!-- \/ Yoast SEO plugin. -->","yoast_head_json":{"title":"Webin\u00e1r\u00a0ARCHLine.XP\u00a0(GstarBIM) - GS SOFT Group","robots":{"index":"index","follow":"follow","max-snippet":"max-snippet:-1","max-image-preview":"max-image-preview:large","max-video-preview":"max-video-preview:-1"},"canonical":"https:\/\/www.gssoft.eu\/sk\/bim-webinar\/","og_locale":"sk_SK","og_type":"article","og_title":"Webin\u00e1r\u00a0ARCHLine.XP\u00a0(GstarBIM) - GS SOFT Group","og_description":"Rie\u0161enie pre 2D-DWG aj 3D-BIM bez zbyto\u010dnej zlo\u017eitosti a vysok\u00fdch n\u00e1kladov.","og_url":"https:\/\/www.gssoft.eu\/sk\/bim-webinar\/","og_site_name":"GS SOFT Group","article_modified_time":"2025-12-08T08:59:58+00:00","twitter_card":"summary_large_image","schema":{"@context":"https:\/\/schema.org","@graph":[{"@type":"WebPage","@id":"https:\/\/www.gssoft.eu\/sk\/bim-webinar\/","url":"https:\/\/www.gssoft.eu\/sk\/bim-webinar\/","name":"Webin\u00e1r\u00a0ARCHLine.XP\u00a0(GstarBIM) - GS SOFT Group","isPartOf":{"@id":"https:\/\/www.gssoft.eu\/sk\/#website"},"datePublished":"2025-08-26T11:43:01+00:00","dateModified":"2025-12-08T08:59:58+00:00","breadcrumb":{"@id":"https:\/\/www.gssoft.eu\/sk\/bim-webinar\/#breadcrumb"},"inLanguage":"sk-SK","potentialAction":[{"@type":"ReadAction","target":["https:\/\/www.gssoft.eu\/sk\/bim-webinar\/"]}]},{"@type":"BreadcrumbList","@id":"https:\/\/www.gssoft.eu\/sk\/bim-webinar\/#breadcrumb","itemListElement":[{"@type":"ListItem","position":1,"name":"Home","item":"https:\/\/www.gssoft.eu\/sk\/"},{"@type":"ListItem","position":2,"name":"Webin\u00e1r\u00a0ARCHLine.XP\u00a0(GstarBIM)"}]},{"@type":"WebSite","@id":"https:\/\/www.gssoft.eu\/sk\/#website","url":"https:\/\/www.gssoft.eu\/sk\/","name":"GS SOFT Group","description":"","potentialAction":[{"@type":"SearchAction","target":{"@type":"EntryPoint","urlTemplate":"https:\/\/www.gssoft.eu\/sk\/?s={search_term_string}"},"query-input":{"@type":"PropertyValueSpecification","valueRequired":true,"valueName":"search_term_string"}}],"inLanguage":"sk-SK"}]}},"_links":{"self":[{"href":"https:\/\/www.gssoft.eu\/sk\/wp-json\/wp\/v2\/pages\/119","targetHints":{"allow":["GET"]}}],"collection":[{"href":"https:\/\/www.gssoft.eu\/sk\/wp-json\/wp\/v2\/pages"}],"about":[{"href":"https:\/\/www.gssoft.eu\/sk\/wp-json\/wp\/v2\/types\/page"}],"author":[{"embeddable":true,"href":"https:\/\/www.gssoft.eu\/sk\/wp-json\/wp\/v2\/users\/1"}],"replies":[{"embeddable":true,"href":"https:\/\/www.gssoft.eu\/sk\/wp-json\/wp\/v2\/comments?post=119"}],"version-history":[{"count":5,"href":"https:\/\/www.gssoft.eu\/sk\/wp-json\/wp\/v2\/pages\/119\/revisions"}],"predecessor-version":[{"id":1637,"href":"https:\/\/www.gssoft.eu\/sk\/wp-json\/wp\/v2\/pages\/119\/revisions\/1637"}],"wp:attachment":[{"href":"https:\/\/www.gssoft.eu\/sk\/wp-json\/wp\/v2\/media?parent=119"}],"curies":[{"name":"wp","href":"https:\/\/api.w.org\/{rel}","templated":true}]}}